{"id":72162,"date":"2023-10-30T11:57:38","date_gmt":"2023-10-30T10:57:38","guid":{"rendered":"https:\/\/inmobiliariamontaura.com\/kontakt\/"},"modified":"2024-05-10T09:15:16","modified_gmt":"2024-05-10T07:15:16","slug":"kontakt","status":"publish","type":"page","link":"https:\/\/inmobiliariamontaura.com\/de\/kontakt\/","title":{"rendered":"Kontakt"},"content":{"rendered":"<p>[et_pb_section fb_built=&#8220;1&#8243; custom_padding_last_edited=&#8220;on|phone&#8220; admin_label=&#8220;PLANIFICA TU EXPERIENCIA&#8220; module_id=&#8220;Inicio&#8220; _builder_version=&#8220;4.23.4&#8243; _module_preset=&#8220;default&#8220; background_color=&#8220;#E3EAE7&#8243; custom_margin=&#8220;0px||0px||false|false&#8220; custom_padding=&#8220;120px||120px||true|false&#8220; custom_padding_tablet=&#8220;120px||120px||false|false&#8220; custom_padding_phone=&#8220;90px||90px||false|false&#8220; collapsed=&#8220;on&#8220; global_colors_info=&#8220;{}&#8220;][et_pb_row _builder_version=&#8220;4.23.4&#8243; _module_preset=&#8220;default&#8220; width=&#8220;50%&#8220; width_tablet=&#8220;90%&#8220; width_phone=&#8220;90%&#8220; width_last_edited=&#8220;on|phone&#8220; custom_margin=&#8220;0px||||false|false&#8220; custom_padding=&#8220;0px||||false|false&#8220; locked=&#8220;off&#8220; collapsed=&#8220;on&#8220; global_colors_info=&#8220;{}&#8220;][et_pb_column type=&#8220;4_4&#8243; _builder_version=&#8220;4.23.4&#8243; _module_preset=&#8220;default&#8220; global_colors_info=&#8220;{}&#8220;][et_pb_blurb title=&#8220;KONTAKTIERE UNS&#8220; use_icon=&#8220;on&#8220; font_icon=&#8220;&#xf186;||fa||900&#8243; icon_color=&#8220;#7D9C91&#8243; icon_placement=&#8220;left&#8220; image_icon_width=&#8220;10px&#8220; _builder_version=&#8220;4.23.4&#8243; _module_preset=&#8220;default&#8220; header_font=&#8220;Manrope|800||on|||||&#8220; header_text_align=&#8220;left&#8220; header_text_color=&#8220;#7D9C91&#8243; header_font_size=&#8220;12px&#8220; header_letter_spacing=&#8220;0.5px&#8220; header_line_height=&#8220;1.2em&#8220; image_icon_custom_margin=&#8220;2px||0px||false|false&#8220; image_icon_custom_padding=&#8220;0px||0px||false|false&#8220; custom_margin=&#8220;0px||0px||false|false&#8220; custom_margin_tablet=&#8220;0px||26px||false|false&#8220; custom_margin_phone=&#8220;0px||15px||false|false&#8220; custom_margin_last_edited=&#8220;on|phone&#8220; custom_padding=&#8220;0px||0px||false|false&#8220; animation=&#8220;off&#8220; custom_css_blurb_title=&#8220;margin-left:-26px;&#8220; custom_css_blurb_content=&#8220;margin:0px;&#8220; locked=&#8220;off&#8220; global_colors_info=&#8220;{}&#8220;][\/et_pb_blurb][et_pb_text _builder_version=&#8220;4.23.4&#8243; _module_preset=&#8220;default&#8220; header_font=&#8220;Manrope||||||||&#8220; header_font_size=&#8220;38px&#8220; header_line_height=&#8220;1.2em&#8220; header_2_font=&#8220;Manrope||||||||&#8220; header_2_text_align=&#8220;left&#8220; header_2_text_color=&#8220;#0A0002&#8243; header_2_font_size=&#8220;42px&#8220; header_2_line_height=&#8220;1.2em&#8220; max_width_tablet=&#8220;&#8220; max_width_phone=&#8220;320px&#8220; max_width_last_edited=&#8220;on|phone&#8220; custom_margin=&#8220;||5px||false|false&#8220; header_font_size_tablet=&#8220;34px&#8220; header_font_size_phone=&#8220;30px&#8220; header_font_size_last_edited=&#8220;on|phone&#8220; header_2_font_size_tablet=&#8220;40px&#8220; header_2_font_size_phone=&#8220;30px&#8220; header_2_font_size_last_edited=&#8220;on|phone&#8220; global_colors_info=&#8220;{}&#8220;]<\/p>\n<h1>Wir sind bereit, Ihnen bei der Verwirklichung der von Ihnen gew\u00fcnschten Immobilienprojekte zu helfen.<\/h1>\n<p>[\/et_pb_text][et_pb_text _builder_version=&#8220;4.23.4&#8243; _module_preset=&#8220;default&#8220; text_font=&#8220;Manrope||||||||&#8220; text_text_color=&#8220;#4f4f4f&#8220; text_line_height=&#8220;1.6em&#8220; custom_margin=&#8220;15px||13px||false|false&#8220; custom_padding=&#8220;0px||0px||false|false&#8220; global_colors_info=&#8220;{}&#8220;]<\/p>\n<p style=\"text-align: left;\">F\u00fcllen Sie dieses Formular aus und wir werden Ihnen so schnell wie m\u00f6glich antworten.<\/p>\n<p>[\/et_pb_text][\/et_pb_column][\/et_pb_row][et_pb_row use_custom_gutter=&#8220;on&#8220; _builder_version=&#8220;4.23.4&#8243; _module_preset=&#8220;default&#8220; width=&#8220;50%&#8220; width_tablet=&#8220;90%&#8220; width_phone=&#8220;90%&#8220; width_last_edited=&#8220;on|tablet&#8220; max_width=&#8220;1290px&#8220; custom_margin=&#8220;0px||0px||false|false&#8220; custom_margin_tablet=&#8220;0px||117px||false|false&#8220; custom_margin_phone=&#8220;0px||87px||false|false&#8220; custom_margin_last_edited=&#8220;on|phone&#8220; custom_padding=&#8220;0px||0px||false|false&#8220; global_colors_info=&#8220;{}&#8220;][et_pb_column type=&#8220;4_4&#8243; _builder_version=&#8220;4.22.2&#8243; _module_preset=&#8220;default&#8220; custom_padding=&#8220;|15px|||false|false&#8220; custom_padding_tablet=&#8220;|0px|||false|false&#8220; custom_padding_phone=&#8220;|0px|||false|false&#8220; custom_padding_last_edited=&#8220;on|tablet&#8220; animation_style=&#8220;slide&#8220; animation_direction=&#8220;bottom&#8220; animation_intensity_slide=&#8220;2%&#8220; animation_speed_curve=&#8220;ease&#8220; global_colors_info=&#8220;{}&#8220;][et_pb_contact_form email=&#8220;info@inmobiliariamontaura.com, spons@bartolomeramon.com, falba@bartolomeramon.com&#8220; custom_message=&#8220;Este correo viene del formulario de contacto de Montaura. ||et_pb_line_break_holder||||et_pb_line_break_holder||Nombre y apellidos:%%Name%%||et_pb_line_break_holder||Correo electr\u00f3nico:%%email%%||et_pb_line_break_holder||Tel\u00e9fono:%%Telefono%%||et_pb_line_break_holder||Mensaje:%%Message%%||et_pb_line_break_holder||Consentimiento:%%consentimiento%%&#8220; use_redirect=&#8220;on&#8220; redirect_url=&#8220;https:\/\/inmobiliariamontaura.com\/de\/danke\/&#8220; submit_button_text=&#8220;SENDEN&#8220; _builder_version=&#8220;4.23.4&#8243; _module_preset=&#8220;default&#8220; _unique_id=&#8220;f35eb790-21d5-41e8-80be-99093917ecf3&#8243; form_field_background_color=&#8220;RGBA(255,255,255,0)&#8220; form_field_text_color=&#8220;#414141&#8243; form_field_focus_text_color=&#8220;#414141&#8243; form_field_font=&#8220;Manrope||||||||&#8220; form_field_font_size=&#8220;18px&#8220; custom_button=&#8220;on&#8220; button_text_size=&#8220;16px&#8220; button_text_color=&#8220;#7D9C91&#8243; button_bg_color=&#8220;RGBA(255,255,255,0)&#8220; button_border_width=&#8220;2px&#8220; button_border_color=&#8220;#859A90&#8243; button_border_radius=&#8220;0px&#8220; button_font=&#8220;Manrope|800|||||||&#8220; button_icon=&#8220;&#x26;||divi||400&#8243; button_icon_color=&#8220;#7D9C91&#8243; button_on_hover=&#8220;off&#8220; button_custom_margin=&#8220;||0px||false|false&#8220; button_custom_padding=&#8220;18px|50px|18px|40px|true|false&#8220; hover_enabled=&#8220;0&#8243; border_width_bottom=&#8220;0.1px&#8220; border_color_bottom=&#8220;#797C7F&#8220; global_colors_info=&#8220;{}&#8220; button_text_color__hover=&#8220;#FFFFFF&#8220; button_text_color__hover_enabled=&#8220;on|hover&#8220; button_bg_color__hover=&#8220;#7D9C91&#8243; button_bg_color__hover_enabled=&#8220;on|hover&#8220; button_border_color__hover=&#8220;#7D9C91&#8243; button_border_color__hover_enabled=&#8220;on|hover&#8220; button_bg_enable_color__hover=&#8220;on&#8220; button_icon_color__hover_enabled=&#8220;on|hover&#8220; button_icon_color__hover=&#8220;#FFFFFF&#8220; sticky_enabled=&#8220;0&#8243;][et_pb_contact_field field_id=&#8220;Name&#8220; field_title=&#8220;Name*&#8220; fullwidth_field=&#8220;on&#8220; _builder_version=&#8220;4.23.4&#8243; global_colors_info=&#8220;{}&#8220; button_text_size__hover_enabled=&#8220;off&#8220; button_one_text_size__hover_enabled=&#8220;off&#8220; button_two_text_size__hover_enabled=&#8220;off&#8220; button_text_color__hover_enabled=&#8220;off&#8220; button_one_text_color__hover_enabled=&#8220;off&#8220; button_two_text_color__hover_enabled=&#8220;off&#8220; button_border_width__hover_enabled=&#8220;off&#8220; button_one_border_width__hover_enabled=&#8220;off&#8220; button_two_border_width__hover_enabled=&#8220;off&#8220; button_border_color__hover_enabled=&#8220;off&#8220; button_one_border_color__hover_enabled=&#8220;off&#8220; button_two_border_color__hover_enabled=&#8220;off&#8220; button_border_radius__hover_enabled=&#8220;off&#8220; button_one_border_radius__hover_enabled=&#8220;off&#8220; button_two_border_radius__hover_enabled=&#8220;off&#8220; button_letter_spacing__hover_enabled=&#8220;off&#8220; button_one_letter_spacing__hover_enabled=&#8220;off&#8220; button_two_letter_spacing__hover_enabled=&#8220;off&#8220; button_bg_color__hover_enabled=&#8220;off&#8220; button_one_bg_color__hover_enabled=&#8220;off&#8220; button_two_bg_color__hover_enabled=&#8220;off&#8220;][\/et_pb_contact_field][et_pb_contact_field field_id=&#8220;email&#8220; field_title=&#8220;Email*&#8220; field_type=&#8220;email&#8220; fullwidth_field=&#8220;on&#8220; _builder_version=&#8220;4.23.4&#8243; global_colors_info=&#8220;{}&#8220; button_text_size__hover_enabled=&#8220;off&#8220; button_one_text_size__hover_enabled=&#8220;off&#8220; button_two_text_size__hover_enabled=&#8220;off&#8220; button_text_color__hover_enabled=&#8220;off&#8220; button_one_text_color__hover_enabled=&#8220;off&#8220; button_two_text_color__hover_enabled=&#8220;off&#8220; button_border_width__hover_enabled=&#8220;off&#8220; button_one_border_width__hover_enabled=&#8220;off&#8220; button_two_border_width__hover_enabled=&#8220;off&#8220; button_border_color__hover_enabled=&#8220;off&#8220; button_one_border_color__hover_enabled=&#8220;off&#8220; button_two_border_color__hover_enabled=&#8220;off&#8220; button_border_radius__hover_enabled=&#8220;off&#8220; button_one_border_radius__hover_enabled=&#8220;off&#8220; button_two_border_radius__hover_enabled=&#8220;off&#8220; button_letter_spacing__hover_enabled=&#8220;off&#8220; button_one_letter_spacing__hover_enabled=&#8220;off&#8220; button_two_letter_spacing__hover_enabled=&#8220;off&#8220; button_bg_color__hover_enabled=&#8220;off&#8220; button_one_bg_color__hover_enabled=&#8220;off&#8220; button_two_bg_color__hover_enabled=&#8220;off&#8220;][\/et_pb_contact_field][et_pb_contact_field field_id=&#8220;Telefono&#8220; field_title=&#8220;Telefon*&#8220; fullwidth_field=&#8220;on&#8220; _builder_version=&#8220;4.23.4&#8243; global_colors_info=&#8220;{}&#8220; button_text_size__hover_enabled=&#8220;off&#8220; button_one_text_size__hover_enabled=&#8220;off&#8220; button_two_text_size__hover_enabled=&#8220;off&#8220; button_text_color__hover_enabled=&#8220;off&#8220; button_one_text_color__hover_enabled=&#8220;off&#8220; button_two_text_color__hover_enabled=&#8220;off&#8220; button_border_width__hover_enabled=&#8220;off&#8220; button_one_border_width__hover_enabled=&#8220;off&#8220; button_two_border_width__hover_enabled=&#8220;off&#8220; button_border_color__hover_enabled=&#8220;off&#8220; button_one_border_color__hover_enabled=&#8220;off&#8220; button_two_border_color__hover_enabled=&#8220;off&#8220; button_border_radius__hover_enabled=&#8220;off&#8220; button_one_border_radius__hover_enabled=&#8220;off&#8220; button_two_border_radius__hover_enabled=&#8220;off&#8220; button_letter_spacing__hover_enabled=&#8220;off&#8220; button_one_letter_spacing__hover_enabled=&#8220;off&#8220; button_two_letter_spacing__hover_enabled=&#8220;off&#8220; button_bg_color__hover_enabled=&#8220;off&#8220; button_one_bg_color__hover_enabled=&#8220;off&#8220; button_two_bg_color__hover_enabled=&#8220;off&#8220;][\/et_pb_contact_field][et_pb_contact_field field_id=&#8220;Message&#8220; field_title=&#8220;Kommentar*&#8220; field_type=&#8220;text&#8220; fullwidth_field=&#8220;on&#8220; _builder_version=&#8220;4.23.4&#8243; global_colors_info=&#8220;{}&#8220; button_text_size__hover_enabled=&#8220;off&#8220; button_one_text_size__hover_enabled=&#8220;off&#8220; button_two_text_size__hover_enabled=&#8220;off&#8220; button_text_color__hover_enabled=&#8220;off&#8220; button_one_text_color__hover_enabled=&#8220;off&#8220; button_two_text_color__hover_enabled=&#8220;off&#8220; button_border_width__hover_enabled=&#8220;off&#8220; button_one_border_width__hover_enabled=&#8220;off&#8220; button_two_border_width__hover_enabled=&#8220;off&#8220; button_border_color__hover_enabled=&#8220;off&#8220; button_one_border_color__hover_enabled=&#8220;off&#8220; button_two_border_color__hover_enabled=&#8220;off&#8220; button_border_radius__hover_enabled=&#8220;off&#8220; button_one_border_radius__hover_enabled=&#8220;off&#8220; button_two_border_radius__hover_enabled=&#8220;off&#8220; button_letter_spacing__hover_enabled=&#8220;off&#8220; button_one_letter_spacing__hover_enabled=&#8220;off&#8220; button_two_letter_spacing__hover_enabled=&#8220;off&#8220; button_bg_color__hover_enabled=&#8220;off&#8220; button_one_bg_color__hover_enabled=&#8220;off&#8220; button_two_bg_color__hover_enabled=&#8220;off&#8220;][\/et_pb_contact_field][et_pb_contact_field field_id=&#8220;Constentimiento&#8220; field_title=&#8220; &#8220; field_type=&#8220;checkbox&#8220; checkbox_options=&#8220;%91{%22value%22:%22Ich habe die gelesen und akzeptiere sie %22,%22checked%22:0,%22dragID%22:-1,%22link_text%22:%22Datenschutzrichtlinie%22,%22link_url%22:%22https:\/\/inmobiliariamontaura.com\/de\/datenschutzrichtlinie\/%22},{%22value%22:%22Ja, ich m\u00f6chte Informationen von Montaura per E-Mail erhalten.%22,%22checked%22:0,%22dragID%22:0}%93&#8243; fullwidth_field=&#8220;on&#8220; _builder_version=&#8220;4.23.4&#8243; _module_preset=&#8220;default&#8220; global_colors_info=&#8220;{}&#8220;][\/et_pb_contact_field][\/et_pb_contact_form][\/et_pb_column][\/et_pb_row][\/et_pb_section]<\/p>\n","protected":false},"excerpt":{"rendered":"<p>Wir sind bereit, Ihnen bei der Verwirklichung der von Ihnen gew\u00fcnschten Immobilienprojekte zu helfen.F\u00fcllen Sie dieses Formular aus und wir werden Ihnen so schnell wie m\u00f6glich antworten.<\/p>\n","protected":false},"author":1,"featured_media":0,"parent":0,"menu_order":0,"comment_status":"closed","ping_status":"closed","template":"","meta":{"_et_pb_use_builder":"on","_et_pb_old_content":"","_et_gb_content_width":"","footnotes":""},"class_list":["post-72162","page","type-page","status-publish","hentry"],"yoast_head":"<!-- This site is optimized with the Yoast SEO plugin v27.4 - https:\/\/yoast.com\/product\/yoast-seo-wordpress\/ -->\n<title>Montaura Immobilien. Kontaktieren Sie uns hier.<\/title>\n<meta name=\"description\" content=\"Kontaktieren Sie Inmobiliaria Montaura, um Ihr Zuhause, Ihre Investition und den perfekten Standort f\u00fcr Ihr Unternehmen auf Mallorca zu finden.\" \/>\n<meta name=\"robots\" content=\"index, follow, max-snippet:-1, max-image-preview:large, max-video-preview:-1\" \/>\n<link rel=\"canonical\" href=\"https:\/\/inmobiliariamontaura.com\/de\/kontakt\/\" \/>\n<meta property=\"og:locale\" content=\"de_DE\" \/>\n<meta property=\"og:type\" content=\"article\" \/>\n<meta property=\"og:title\" content=\"Montaura Immobilien. Kontaktieren Sie uns hier.\" \/>\n<meta property=\"og:description\" content=\"Kontaktieren Sie Inmobiliaria Montaura, um Ihr Zuhause, Ihre Investition und den perfekten Standort f\u00fcr Ihr Unternehmen auf Mallorca zu finden.\" \/>\n<meta property=\"og:url\" content=\"https:\/\/inmobiliariamontaura.com\/de\/kontakt\/\" \/>\n<meta property=\"og:site_name\" content=\"Montaura\" \/>\n<meta property=\"article:modified_time\" content=\"2024-05-10T07:15:16+00:00\" \/>\n<meta property=\"og:image\" content=\"https:\/\/inmobiliariamontaura.com\/wp-content\/uploads\/2023\/10\/Montaura-300x300.png\" \/>\n<meta name=\"twitter:card\" content=\"summary_large_image\" \/>\n<meta name=\"twitter:title\" content=\"Montaura Immobilien. Kontaktieren Sie uns hier.\" \/>\n<meta name=\"twitter:description\" content=\"Kontaktieren Sie Inmobiliaria Montaura, um Ihr Zuhause, Ihre Investition und den perfekten Standort f\u00fcr Ihr Unternehmen auf Mallorca zu finden.\" \/>\n<meta name=\"twitter:image\" content=\"https:\/\/inmobiliariamontaura.com\/wp-content\/uploads\/2023\/10\/Montaura-1024x1024.png\" \/>\n<meta name=\"twitter:label1\" content=\"Gesch\u00e4tzte Lesezeit\" \/>\n\t<meta name=\"twitter:data1\" content=\"7\u00a0Minuten\" \/>\n<script type=\"application\/ld+json\" class=\"yoast-schema-graph\">{\"@context\":\"https:\\\/\\\/schema.org\",\"@graph\":[{\"@type\":\"WebPage\",\"@id\":\"https:\\\/\\\/inmobiliariamontaura.com\\\/de\\\/kontakt\\\/\",\"url\":\"https:\\\/\\\/inmobiliariamontaura.com\\\/de\\\/kontakt\\\/\",\"name\":\"Montaura Immobilien. Kontaktieren Sie uns hier.\",\"isPartOf\":{\"@id\":\"https:\\\/\\\/inmobiliariamontaura.com\\\/de\\\/#website\"},\"datePublished\":\"2023-10-30T10:57:38+00:00\",\"dateModified\":\"2024-05-10T07:15:16+00:00\",\"description\":\"Kontaktieren Sie Inmobiliaria Montaura, um Ihr Zuhause, Ihre Investition und den perfekten Standort f\u00fcr Ihr Unternehmen auf Mallorca zu finden.\",\"breadcrumb\":{\"@id\":\"https:\\\/\\\/inmobiliariamontaura.com\\\/de\\\/kontakt\\\/#breadcrumb\"},\"inLanguage\":\"de\",\"potentialAction\":[{\"@type\":\"ReadAction\",\"target\":[\"https:\\\/\\\/inmobiliariamontaura.com\\\/de\\\/kontakt\\\/\"]}]},{\"@type\":\"BreadcrumbList\",\"@id\":\"https:\\\/\\\/inmobiliariamontaura.com\\\/de\\\/kontakt\\\/#breadcrumb\",\"itemListElement\":[{\"@type\":\"ListItem\",\"position\":1,\"name\":\"Portada\",\"item\":\"https:\\\/\\\/inmobiliariamontaura.com\\\/de\\\/\"},{\"@type\":\"ListItem\",\"position\":2,\"name\":\"Kontakt\"}]},{\"@type\":\"WebSite\",\"@id\":\"https:\\\/\\\/inmobiliariamontaura.com\\\/de\\\/#website\",\"url\":\"https:\\\/\\\/inmobiliariamontaura.com\\\/de\\\/\",\"name\":\"Montaura\",\"description\":\"Inmobiliaria en Mallorca\",\"potentialAction\":[{\"@type\":\"SearchAction\",\"target\":{\"@type\":\"EntryPoint\",\"urlTemplate\":\"https:\\\/\\\/inmobiliariamontaura.com\\\/de\\\/?s={search_term_string}\"},\"query-input\":{\"@type\":\"PropertyValueSpecification\",\"valueRequired\":true,\"valueName\":\"search_term_string\"}}],\"inLanguage\":\"de\"}]}<\/script>\n<!-- \/ Yoast SEO plugin. -->","yoast_head_json":{"title":"Montaura Immobilien. Kontaktieren Sie uns hier.","description":"Kontaktieren Sie Inmobiliaria Montaura, um Ihr Zuhause, Ihre Investition und den perfekten Standort f\u00fcr Ihr Unternehmen auf Mallorca zu finden.","robots":{"index":"index","follow":"follow","max-snippet":"max-snippet:-1","max-image-preview":"max-image-preview:large","max-video-preview":"max-video-preview:-1"},"canonical":"https:\/\/inmobiliariamontaura.com\/de\/kontakt\/","og_locale":"de_DE","og_type":"article","og_title":"Montaura Immobilien. Kontaktieren Sie uns hier.","og_description":"Kontaktieren Sie Inmobiliaria Montaura, um Ihr Zuhause, Ihre Investition und den perfekten Standort f\u00fcr Ihr Unternehmen auf Mallorca zu finden.","og_url":"https:\/\/inmobiliariamontaura.com\/de\/kontakt\/","og_site_name":"Montaura","article_modified_time":"2024-05-10T07:15:16+00:00","og_image":[{"url":"https:\/\/inmobiliariamontaura.com\/wp-content\/uploads\/2023\/10\/Montaura-300x300.png","type":"","width":"","height":""}],"twitter_card":"summary_large_image","twitter_title":"Montaura Immobilien. Kontaktieren Sie uns hier.","twitter_description":"Kontaktieren Sie Inmobiliaria Montaura, um Ihr Zuhause, Ihre Investition und den perfekten Standort f\u00fcr Ihr Unternehmen auf Mallorca zu finden.","twitter_image":"https:\/\/inmobiliariamontaura.com\/wp-content\/uploads\/2023\/10\/Montaura-1024x1024.png","twitter_misc":{"Gesch\u00e4tzte Lesezeit":"7\u00a0Minuten"},"schema":{"@context":"https:\/\/schema.org","@graph":[{"@type":"WebPage","@id":"https:\/\/inmobiliariamontaura.com\/de\/kontakt\/","url":"https:\/\/inmobiliariamontaura.com\/de\/kontakt\/","name":"Montaura Immobilien. Kontaktieren Sie uns hier.","isPartOf":{"@id":"https:\/\/inmobiliariamontaura.com\/de\/#website"},"datePublished":"2023-10-30T10:57:38+00:00","dateModified":"2024-05-10T07:15:16+00:00","description":"Kontaktieren Sie Inmobiliaria Montaura, um Ihr Zuhause, Ihre Investition und den perfekten Standort f\u00fcr Ihr Unternehmen auf Mallorca zu finden.","breadcrumb":{"@id":"https:\/\/inmobiliariamontaura.com\/de\/kontakt\/#breadcrumb"},"inLanguage":"de","potentialAction":[{"@type":"ReadAction","target":["https:\/\/inmobiliariamontaura.com\/de\/kontakt\/"]}]},{"@type":"BreadcrumbList","@id":"https:\/\/inmobiliariamontaura.com\/de\/kontakt\/#breadcrumb","itemListElement":[{"@type":"ListItem","position":1,"name":"Portada","item":"https:\/\/inmobiliariamontaura.com\/de\/"},{"@type":"ListItem","position":2,"name":"Kontakt"}]},{"@type":"WebSite","@id":"https:\/\/inmobiliariamontaura.com\/de\/#website","url":"https:\/\/inmobiliariamontaura.com\/de\/","name":"Montaura","description":"Inmobiliaria en Mallorca","potentialAction":[{"@type":"SearchAction","target":{"@type":"EntryPoint","urlTemplate":"https:\/\/inmobiliariamontaura.com\/de\/?s={search_term_string}"},"query-input":{"@type":"PropertyValueSpecification","valueRequired":true,"valueName":"search_term_string"}}],"inLanguage":"de"}]}},"_links":{"self":[{"href":"https:\/\/inmobiliariamontaura.com\/de\/wp-json\/wp\/v2\/pages\/72162","targetHints":{"allow":["GET"]}}],"collection":[{"href":"https:\/\/inmobiliariamontaura.com\/de\/wp-json\/wp\/v2\/pages"}],"about":[{"href":"https:\/\/inmobiliariamontaura.com\/de\/wp-json\/wp\/v2\/types\/page"}],"author":[{"embeddable":true,"href":"https:\/\/inmobiliariamontaura.com\/de\/wp-json\/wp\/v2\/users\/1"}],"replies":[{"embeddable":true,"href":"https:\/\/inmobiliariamontaura.com\/de\/wp-json\/wp\/v2\/comments?post=72162"}],"version-history":[{"count":6,"href":"https:\/\/inmobiliariamontaura.com\/de\/wp-json\/wp\/v2\/pages\/72162\/revisions"}],"predecessor-version":[{"id":72795,"href":"https:\/\/inmobiliariamontaura.com\/de\/wp-json\/wp\/v2\/pages\/72162\/revisions\/72795"}],"wp:attachment":[{"href":"https:\/\/inmobiliariamontaura.com\/de\/wp-json\/wp\/v2\/media?parent=72162"}],"curies":[{"name":"wp","href":"https:\/\/api.w.org\/{rel}","templated":true}]}}